{"id":3,"date":"2023-09-07T07:00:38","date_gmt":"2023-09-07T07:00:38","guid":{"rendered":"http:\/\/solmallorca.de\/\/?page_id=3"},"modified":"2025-09-08T18:32:57","modified_gmt":"2025-09-08T18:32:57","slug":"privacy-policy","status":"publish","type":"page","link":"https:\/\/solmallorca.de\/?page_id=3","title":{"rendered":"Politica de privacidad"},"content":{"rendered":"\n<p>CONDICIONES GENERALES DE ACCESO Y USO DEL SITIO WEB SOLMALLORCA.DE<\/p>\n\n\n\n<p>El sitio web www.solmallorca.de con domicilio a efectos de notificaciones en c\/ Sirenas,s\/n. Cala Vinyes , C.P: 07184 Calvi\u00e0 (Islas Baleares), y direcci\u00f3n de correo electr\u00f3nico sales@solmallorca.de, y a trav\u00e9s del mismo se proporciona informaci\u00f3n sobre sus actividades y\/o servicios. El acceso y uso del sitio web atribuye al que lo realiza la condici\u00f3n de \u201cUsuario\u201d e implica la aceptaci\u00f3n \u00edntegra, expresa y sin reservas de las presentes condiciones generales, vigentes en el momento del acceso. Si el usuario no comprendiera en su totalidad las presentes condiciones de uso o no estuviera de acuerdo con las mismas, deber\u00e1 abstenerse de utilizar y operar a trav\u00e9s de este sitio web. Las presentes condiciones generales rigen \u00fanica y exclusivamente el uso del sitio web de solmallorca.de por parte de los usuarios que accedan y\/o naveguen por www.solmallorca.de. Las presentes condiciones generales se exponen en el sitio web solmallorca.de, para que los usuarios puedan leerlas, imprimirlas y archivarlas.<\/p>\n\n\n\n<p>PRIMERA.- CONDICIONES DE ACCESO Y USO.<\/p>\n\n\n\n<p>La utilizaci\u00f3n del sitio web de solmallorca.de es gratuita y no requiere el previo registro del usuario. En aquellos casos que el acceso y\/o uso de determinados servicios y\/o contenidos requiriesen el registro o suscripci\u00f3n de los usuarios, ser\u00e1 necesario que \u00e9stos acepten previamente la correspondiente Pol\u00edtica de Privacidad y las Condiciones Generales espec\u00edficas, no siendo posible el acceso a los mismos sin dicha aceptaci\u00f3n. Las condiciones de acceso y uso del presente sitio web se rigen estrictamente por la legalidad vigente y por el principio de buena fe, comprometi\u00e9ndose el usuario a realizar un buen uso de la web. Quedan prohibidos todos los actos que vulneren derechos o intereses de terceros (derecho a la intimidad, protecci\u00f3n de datos, propiedad intelectual, etc.), o la normativa vigente.<\/p>\n\n\n\n<p>solmallorca.de proh\u00edbe expresamente:<br>Realizar acciones que puedan producir en el sitio web o a trav\u00e9s del mismo, por cualquier medio, cualquier tipo de da\u00f1o a los sistemas de solmallorca.de o a terceros. Realizar sin la debida autorizaci\u00f3n cualquier tipo de publicidad o informaci\u00f3n comercial directamente o de forma encubierta, el env\u00edo de correos masivos (\u00abspamming\u00bb) o env\u00edo de grandes mensajes con el fin de bloquear servidores de la red (\u00abmail bombing\u00bb). El usuario se compromete a no utilizar el sitio web, ni los contenidos o informaci\u00f3n y\/o los servicios que se ofrecen en el mismo para la realizaci\u00f3n de actividades contrarias a la ley y a respetar en todo momento las presentes condiciones generales. solmallorca.de podr\u00e1 interrumpir en cualquier momento el acceso a su sitio web si detecta un uso contrario a la legalidad, la buena fe o a las presentes condiciones generales.<\/p>\n\n\n\n<p>SEGUNDA.- CONTENIDOS.<\/p>\n\n\n\n<p>Los contenidos incorporados en este sitio web han sido elaborados e incluidos por solmallorca.de, utilizando fuentes internas y externas, de tal modo que solmallorca.de \u00fanicamente se hace responsable por los contenidos elaborados de forma interna. solmallorca.de se reserva el derecho a modificar en cualquier momento los contenidos existentes en su sitio web. solmallorca.de no asegura ni se responsabiliza del correcto funcionamiento de los enlaces a sitios web de terceros que figuren en el sitio web. Adem\u00e1s, a trav\u00e9s del sitio web solmallorca.de, pueden ponerse a disposici\u00f3n de los usuarios, servicios gratuitos y\/o de pago ofrecidos por terceros ajenos, los cu\u00e1les se regir\u00e1n por las condiciones particulares de dichos servicios. solmallorca.de no garantiza en ning\u00fan caso la veracidad, exactitud o actualidad de los contenidos y servicios ofrecidos por terceros y queda expresamente exonerado de cualquier tipo de responsabilidad por los da\u00f1os y perjuicios que puedan derivarse de la falta de exactitud de estos contenidos y servicios.<\/p>\n\n\n\n<p>TERCERA.- RESPONSABILIDAD.<\/p>\n\n\n\n<p>solmallorca.de en ning\u00fan caso ser\u00e1 responsable de:<br>Los fallos e incidencias que pudieran producirse en las comunicaciones, borrado o transmisiones incompletas de manera que no se garantiza que los servicios del sitio web est\u00e9n constantemente operativos. De la producci\u00f3n de cualquier tipo de da\u00f1o que los usuarios o terceros pudiesen ocasionar en el sitio web. De la fiabilidad y veracidad de las informaciones introducidas por terceros en el sitio web, bien directamente, bien a trav\u00e9s de enlaces o links. solmallorca.de se reserva el derecho a suspender el acceso sin previo aviso de forma discrecional y con car\u00e1cter definitivo o temporal hasta el aseguramiento de la<br>efectiva responsabilidad de los da\u00f1os que pudieran producirse. solmallorca.de colaborar\u00e1 y notificar\u00e1 a la autoridad competente las incidencias anteriormente indicadas en el momento en que tenga<br>conocimiento fehaciente de que los da\u00f1os ocasionados constituyan cualquier tipo de actividad il\u00edcita.<\/p>\n\n\n\n<p>CUARTA.- DERECHOS DE AUTOR Y MARCA.<\/p>\n\n\n\n<p>solmallorca.de, es una marca registrada. Queda prohibida la utilizaci\u00f3n ajena, por cualquier medio, de la marca solmallorca.de, que incluye tanto el nombre como el logotipo, salvo consentimiento expreso de solmallorca.de. Quedan reservados todos los derechos. Del mismo modo, los contenidos propios, la programaci\u00f3n y el dise\u00f1o del sitio web solmallorca.de se encuentra plenamente protegido por los derechos de autor, quedando expresamente prohibida toda reproducci\u00f3n, comunicaci\u00f3n, distribuci\u00f3n y transformaci\u00f3n de los referidos elementos protegidos, salvo consentimiento expreso de solmallorca.de. solmallorca.de puede utilizar fuentes externas para la elaboraci\u00f3n de sus contenidos y establecer links o hiperenlaces a art\u00edculos o informaciones de terceros citando siempre la fuente. El leg\u00edtimo titular de los derechos de autor de las informaciones as\u00ed incluidas podr\u00e1 solicitar en cualquier momento la eliminaci\u00f3n de los referidos contenidos. Los materiales tanto gr\u00e1ficos como escritos enviados por los usuarios a trav\u00e9s de los medios que se ponen a su disposici\u00f3n en el sitio web son propiedad del usuario, quien afirma al enviarlos su leg\u00edtima autor\u00eda y cede los derechos de reproducci\u00f3n y distribuci\u00f3n al solmallorca.de.<\/p>\n\n\n\n<p>QUINTA.- JURISDICCI\u00d3N Y LEY APLICABLE.<\/p>\n\n\n\n<p>Las presentes condiciones generales se rigen por la legislaci\u00f3n espa\u00f1ola. Son competentes para resolver toda controversia o conflicto que se derive de las presentes condiciones generales los Juzgados de Palma de Mallorca, renunciando expresamente el usuario a cualquier otro fuero que pudiera corresponderle.<\/p>\n\n\n\n<p>SEXTA.- MISCEL\u00c1NEA.<\/p>\n\n\n\n<p>La declaraci\u00f3n de nulidad de alguna o algunas de las cl\u00e1usulas de estas Condiciones no perjudica la validez de las restantes, que permanecer\u00e1n vigentes. solmallorca.de podr\u00e1 no ejercitar alguno de los derechos y facultades conferidos en este documento estas Condiciones lo que no implicar\u00e1 en ning\u00fan caso la<br>renuncia a los mismos, salvo reconocimiento expreso por parte de solmallorca.de. Estas Condiciones Generales podr\u00e1n ser modificadas por solmallorca.de cuando as\u00ed lo considere oportuno. La modificaci\u00f3n surtir\u00e1 efectos desde el d\u00eda siguiente a la fecha de su publicaci\u00f3n.<\/p>\n\n\n\n<p><\/p>\n","protected":false},"excerpt":{"rendered":"<p>CONDICIONES GENERALES DE ACCESO Y USO DEL SITIO WEB SOLMALLORCA.DE El sitio web www.solmallorca.de con domicilio a efectos de notificaciones en c\/ Sirenas,s\/n. Cala Vinyes , C.P: 07184 Calvi\u00e0 (Islas Baleares), y direcci\u00f3n de correo electr\u00f3nico sales@solmallorca.de, y a trav\u00e9s del mismo se proporciona informaci\u00f3n sobre sus actividades y\/o servicios. El acceso y uso del &hellip; <\/p>\n<p class=\"link-more\"><a href=\"https:\/\/solmallorca.de\/?page_id=3\" class=\"more-link\">Leer m\u00e1s<span class=\"screen-reader-text\"> \u00abPolitica de privacidad\u00bb<\/span><\/a><\/p>\n","protected":false},"author":1,"featured_media":0,"parent":0,"menu_order":0,"comment_status":"closed","ping_status":"open","template":"","meta":{"footnotes":""},"class_list":["post-3","page","type-page","status-publish","hentry"],"_links":{"self":[{"href":"https:\/\/solmallorca.de\/index.php?rest_route=\/wp\/v2\/pages\/3","targetHints":{"allow":["GET"]}}],"collection":[{"href":"https:\/\/solmallorca.de\/index.php?rest_route=\/wp\/v2\/pages"}],"about":[{"href":"https:\/\/solmallorca.de\/index.php?rest_route=\/wp\/v2\/types\/page"}],"author":[{"embeddable":true,"href":"https:\/\/solmallorca.de\/index.php?rest_route=\/wp\/v2\/users\/1"}],"replies":[{"embeddable":true,"href":"https:\/\/solmallorca.de\/index.php?rest_route=%2Fwp%2Fv2%2Fcomments&post=3"}],"version-history":[{"count":3,"href":"https:\/\/solmallorca.de\/index.php?rest_route=\/wp\/v2\/pages\/3\/revisions"}],"predecessor-version":[{"id":885,"href":"https:\/\/solmallorca.de\/index.php?rest_route=\/wp\/v2\/pages\/3\/revisions\/885"}],"wp:attachment":[{"href":"https:\/\/solmallorca.de\/index.php?rest_route=%2Fwp%2Fv2%2Fmedia&parent=3"}],"curies":[{"name":"wp","href":"https:\/\/api.w.org\/{rel}","templated":true}]}}